{"id":72,"date":"2017-04-25T12:36:45","date_gmt":"2017-04-25T10:36:45","guid":{"rendered":"http:\/\/www.universante-urepsss.fr\/?page_id=72"},"modified":"2021-01-11T14:59:15","modified_gmt":"2021-01-11T13:59:15","slug":"enregistrement-colloque","status":"publish","type":"page","link":"https:\/\/www.universante-urepsss.fr\/index.php\/enregistrement-colloque\/","title":{"rendered":"Enregistrements colloque 2017"},"content":{"rendered":"<h3 style=\"text-align: center;\"><strong>\u00ab La sant\u00e9 des \u00e9tudiants en question \u00bb<\/strong><br \/>\n<strong> Journ\u00e9e Denis Theunynck<\/strong><br \/>\n<em>1 juin 2017,\u00a0 Dunkerque<\/em><\/h3>\n<h3 style=\"text-align: center;\">Enregistrements vid\u00e9o et pr\u00e9sentations<\/h3>\n<p style=\"text-align: center;\"><em>Les enregistrements sont chapitr\u00e9s, vous pouvez utiliser le bouton \u00ab Chapitre \u00bb en bas \u00e0 droite de la vid\u00e9o pour acc\u00e9der directement \u00e0 une intervention particuli\u00e8re<\/em><\/p>\n<p><img loading=\"lazy\" class=\"size-large wp-image-90 aligncenter\" src=\"http:\/\/www.universante-urepsss.fr\/wp-content\/uploads\/2017\/04\/prix2-1024x818.jpg\" alt=\"\" width=\"676\" height=\"540\" srcset=\"https:\/\/www.universante-urepsss.fr\/wp-content\/uploads\/2017\/04\/prix2-1024x818.jpg 1024w, https:\/\/www.universante-urepsss.fr\/wp-content\/uploads\/2017\/04\/prix2-300x240.jpg 300w, https:\/\/www.universante-urepsss.fr\/wp-content\/uploads\/2017\/04\/prix2-768x614.jpg 768w, https:\/\/www.universante-urepsss.fr\/wp-content\/uploads\/2017\/04\/prix2-676x540.jpg 676w, https:\/\/www.universante-urepsss.fr\/wp-content\/uploads\/2017\/04\/prix2.jpg 1712w\" sizes=\"(max-width: 676px) 100vw, 676px\" \/><\/p>\n<table style=\"width: 774px;\">\n<tbody>\n<tr style=\"height: 17px;\">\n<td style=\"width: 103.867px; height: 17px;\">8h30<\/td>\n<td style=\"width: 608.267px; height: 17px;\">Ouverture du colloque<\/td>\n<\/tr>\n<tr style=\"height: 51px;\">\n<td style=\"width: 103.867px; height: 51px;\">9h00-9h45<\/td>\n<td style=\"width: 608.267px; height: 51px;\"><a href=\"http:\/\/www.universante-urepsss.fr\/wp-content\/uploads\/2017\/04\/projet-a.pdf\" target=\"_blank\" rel=\"noopener noreferrer\">Pr\u00e9sentation et r\u00e9sultats du projet A+<\/a>, transposition du projet Universant\u00e9 \u00e0 l\u2019Universit\u00e9 du Qu\u00e9bec \u00e0 Chicoutimi par Patricia Blackburn, Professeure \/ Directrice des Programmes en kin\u00e9siologie &#8211; D\u00e9partement des sciences de la sant\u00e9 de l\u2019UQAC.<\/td>\n<\/tr>\n<tr style=\"height: 17px;\">\n<td style=\"width: 103.867px; height: 17px;\">9h45-10h15<\/td>\n<td style=\"width: 608.267px; height: 17px;\">Pause<\/td>\n<\/tr>\n<tr style=\"height: 328px;\">\n<td style=\"width: 103.867px; height: 328px;\">10h15-11h30<\/td>\n<td style=\"width: 608.267px; height: 328px;\">D\u00e9passement de soi, dopage intellectuel et sant\u00e9 : Les dopages physique et intellectuel et leurs cons\u00e9quences .<\/p>\n<table>\n<tbody>\n<tr>\n<td style=\"width: 580.817px;\"><a href=\"http:\/\/www.universante-urepsss.fr\/wp-content\/uploads\/2017\/04\/popping-smart-pills.pdf\" target=\"_blank\" rel=\"noopener noreferrer\">&#8211; Popping smart pills: the use of prescription stimulant medication as a performance enhancer among Flemish medical students<\/a><\/td>\n<\/tr>\n<tr>\n<td style=\"width: 580.817px;\"><a href=\"http:\/\/www.universante-urepsss.fr\/wp-content\/uploads\/2017\/04\/ameliorations-des-performances.pdf\" target=\"_blank\" rel=\"noopener noreferrer\">&#8211; Quelles sont les pratiques d\u2019am\u00e9liorations des performances acad\u00e9miques chez les \u00e9tudiants ?<\/a><\/td>\n<\/tr>\n<tr>\n<td style=\"width: 580.817px;\"><a href=\"http:\/\/www.universante-urepsss.fr\/wp-content\/uploads\/2017\/04\/mesusage-du-cannabis.pdf\" target=\"_blank\" rel=\"noopener noreferrer\">&#8211; M\u00e9susage du cannabis dans une population d\u2019\u00e9tudiants : r\u00f4le de l\u2019anxi\u00e9t\u00e9 et de l\u2019acc\u00e8s aux soins m\u00e9dicaux<\/a><\/td>\n<\/tr>\n<tr>\n<td style=\"width: 580.817px;\"><a href=\"http:\/\/www.universante-urepsss.fr\/wp-content\/uploads\/2017\/04\/tobacco-use.pdf\" target=\"_blank\" rel=\"noopener noreferrer\">&#8211; Tobacco use amongst belgian university students between 2005, 2009 AND 2013: Does gender matter ?<\/a><\/td>\n<\/tr>\n<tr>\n<td style=\"width: 580.817px;\"><a href=\"http:\/\/www.universante-urepsss.fr\/wp-content\/uploads\/2017\/04\/epuisement-professionnel.pdf\" target=\"_blank\" rel=\"noopener noreferrer\">&#8211; \u00c9puisement professionnel chez les \u00e9tudiants : un nouveau challenge de sant\u00e9 publique<\/a><\/td>\n<\/tr>\n<\/tbody>\n<\/table>\n<\/td>\n<\/tr>\n<tr>\n<td style=\"width: 103.867px;\"><\/td>\n<td style=\"width: 608.267px;\"><\/td>\n<\/tr>\n<tr style=\"height: 296px;\">\n<td style=\"width: 103.867px; height: 296px;\">11h30-12h45<\/td>\n<td style=\"width: 608.267px; height: 296px;\">\u00a0Inventaire des probl\u00e8mes de sant\u00e9 des \u00e9tudiants : Troubles du sommeil, troubles de l\u2019alimentation, addictions, \u00e9tats d\u00e9pressifs.<\/p>\n<table>\n<tbody>\n<tr>\n<td style=\"width: 580.817px;\"><a href=\"http:\/\/www.universante-urepsss.fr\/wp-content\/uploads\/2017\/04\/troubles-du-comportement-alimentaire.pdf\" target=\"_blank\" rel=\"noopener noreferrer\">&#8211; Pr\u00e9valence des troubles du comportement alimentaire chez les \u00e9tudiantes \u00e0 l\u2019universit\u00e9 <\/a><\/td>\n<\/tr>\n<tr>\n<td style=\"width: 580.817px;\"><a href=\"http:\/\/www.universante-urepsss.fr\/wp-content\/uploads\/2017\/04\/le-paradoxe-du-cordonnier.pdf\" target=\"_blank\" rel=\"noopener noreferrer\">&#8211; La sant\u00e9 d&rsquo;\u00e9tudiants en IFSI : le paradoxe du cordonnier ? <\/a><\/td>\n<\/tr>\n<tr>\n<td style=\"width: 580.817px;\"><a href=\"http:\/\/www.universante-urepsss.fr\/wp-content\/uploads\/2017\/04\/aider-\u00e0-gerer-le-stress.pdf\" target=\"_blank\" rel=\"noopener noreferrer\">&#8211; Aider \u00e0 g\u00e9rer le stress pour diminuer l\u2019anxi\u00e9t\u00e9 et la d\u00e9pression chez les \u00e9tudiants<\/a><\/td>\n<\/tr>\n<tr>\n<td style=\"width: 580.817px;\"><a href=\"http:\/\/www.universante-urepsss.fr\/wp-content\/uploads\/2017\/04\/equilibre-et-densite-min\u00e9rale-osseuse.pdf\" target=\"_blank\" rel=\"noopener noreferrer\">&#8211; Relation entre \u00e9quilibre et densit\u00e9 min\u00e9rale osseuse chez les \u00e9tudiants<\/a><\/td>\n<\/tr>\n<tr>\n<td style=\"width: 580.817px;\"><a href=\"http:\/\/www.universante-urepsss.fr\/wp-content\/uploads\/2017\/04\/risque-suicidaire-et-depression.pdf\" target=\"_blank\" rel=\"noopener noreferrer\">&#8211; Risque suicidaire et d\u00e9pression : diagnostic en porte-\u00e0-porte aupr\u00e8s d\u2019\u00e9tudiants fran\u00e7ais vivant en r\u00e9sidence universitaire<\/a><\/td>\n<\/tr>\n<\/tbody>\n<\/table>\n<\/td>\n<\/tr>\n<tr style=\"height: 17px;\">\n<td style=\"width: 743.067px; text-align: center; height: 17px;\" colspan=\"2\"><a href=\"https:\/\/podulco.univ-littoral.fr\/video\/0420-universante-jeudi-01-juin-2017-a-9h01\/\" target=\"_blank\" rel=\"noopener noreferrer\">Enregistrement vid\u00e9o index\u00e9 de la matin\u00e9e<\/a><\/td>\n<\/tr>\n<tr style=\"height: 34px;\">\n<td style=\"width: 103.867px; height: 34px;\">12h45-14h00<\/td>\n<td style=\"width: 608.267px; height: 34px;\">\u00a0Pause d\u00e9jeuner<\/td>\n<\/tr>\n<tr style=\"height: 17px;\">\n<td style=\"width: 103.867px; height: 17px;\"><\/td>\n<td style=\"width: 608.267px; height: 17px;\"><\/td>\n<\/tr>\n<tr style=\"height: 182px;\">\n<td style=\"width: 103.867px; height: 182px;\">14h00-14h45<\/td>\n<td style=\"width: 608.267px; height: 182px;\">\u00a0Communications par des \u00e9tudiants dans le cadre du Prix Denis Theunynck.<\/p>\n<table>\n<tbody>\n<tr>\n<td><a href=\"http:\/\/www.universante-urepsss.fr\/wp-content\/uploads\/2017\/04\/impact-de-lemploi.pdf\" target=\"_blank\" rel=\"noopener noreferrer\">&#8211; Impact de l\u2019emploi en parall\u00e8le des \u00e9tudes sur le sommeil des \u00e9tudiants en soins infirmiers<\/a><\/td>\n<\/tr>\n<tr>\n<td><a href=\"http:\/\/www.universante-urepsss.fr\/wp-content\/uploads\/2017\/04\/etudiant-et-tabagisme.pdf\" target=\"_blank\" rel=\"noopener noreferrer\">&#8211; \u00c9tudiants Infirmiers et Tabagisme : une histoire de pause<\/a><\/td>\n<\/tr>\n<tr>\n<td><a href=\"http:\/\/www.universante-urepsss.fr\/wp-content\/uploads\/2017\/04\/activit\u00e9-physique.pdf\" target=\"_blank\" rel=\"noopener noreferrer\">&#8211; L\u2019activit\u00e9 physique et la sant\u00e9 des \u00e9tudiants en soins infirmiers dans une formation en alternance<\/a><\/td>\n<\/tr>\n<\/tbody>\n<\/table>\n<\/td>\n<\/tr>\n<tr style=\"height: 34px;\">\n<td style=\"width: 103.867px; height: 34px;\">14h45-15h15<\/td>\n<td style=\"width: 608.267px; height: 34px;\">Pause.<\/td>\n<\/tr>\n<tr style=\"height: 178px;\">\n<td style=\"width: 103.867px; height: 178px;\">15h15-16h15<\/td>\n<td style=\"width: 608.267px; height: 178px;\">\u00a0Tables rondes simultan\u00e9es :<\/p>\n<blockquote><p>&#8211; La place du sport \u00e0 l&rsquo;universit\u00e9 : Quels b\u00e9n\u00e9fices pour le bien-\u00eatre et la r\u00e9ussite des \u00e9tudiants ?<br \/>\n&#8211; Le besoin d\u2019une approche interdisciplinaire dans le cadre des \u00e9tudes et des interventions sur la sant\u00e9 et l\u2019activit\u00e9 physique.<\/p><\/blockquote>\n<\/td>\n<\/tr>\n<tr style=\"height: 34px;\">\n<td style=\"width: 103.867px; height: 34px;\">16h15-17h00<\/td>\n<td style=\"width: 608.267px; height: 34px;\">\u00a0Bilan des tables rondes<\/td>\n<\/tr>\n<tr style=\"height: 17px;\">\n<td style=\"width: 103.867px; height: 17px;\">17h00<\/td>\n<td style=\"width: 608.267px; height: 17px;\">Remise du Prix Denis Theunynck et c\u00e9r\u00e9monie de cl\u00f4ture<\/td>\n<\/tr>\n<tr style=\"height: 17px;\">\n<td style=\"width: 743.067px; text-align: center; height: 17px;\" colspan=\"2\"><a href=\"https:\/\/podulco.univ-littoral.fr\/video\/0421-universante-jeudi-01-juin-2017-a-13h45\/\" target=\"_blank\" rel=\"noopener noreferrer\">Enregistrement vid\u00e9o index\u00e9 de l&rsquo;apr\u00e8s-midi<\/a><\/td>\n<\/tr>\n<\/tbody>\n<\/table>\n","protected":false},"excerpt":{"rendered":"<p>\u00ab La sant\u00e9 des \u00e9tudiants en question \u00bb Journ\u00e9e Denis Theunynck 1 juin 2017,\u00a0 Dunkerque Enregistrements vid\u00e9o et pr\u00e9sentations Les enregistrements sont chapitr\u00e9s, vous pouvez utiliser le bouton \u00ab Chapitre \u00bb en bas \u00e0 droite de la vid\u00e9o pour acc\u00e9der directement \u00e0 une intervention particuli\u00e8re 8h30 Ouverture du colloque 9h00-9h45 Pr\u00e9sentation et r\u00e9sultats du projet [&hellip;]<\/p>\n","protected":false},"author":1,"featured_media":0,"parent":0,"menu_order":0,"comment_status":"closed","ping_status":"closed","template":"","meta":[],"_links":{"self":[{"href":"https:\/\/www.universante-urepsss.fr\/index.php\/wp-json\/wp\/v2\/pages\/72"}],"collection":[{"href":"https:\/\/www.universante-urepsss.fr\/index.php\/wp-json\/wp\/v2\/pages"}],"about":[{"href":"https:\/\/www.universante-urepsss.fr\/index.php\/wp-json\/wp\/v2\/types\/page"}],"author":[{"embeddable":true,"href":"https:\/\/www.universante-urepsss.fr\/index.php\/wp-json\/wp\/v2\/users\/1"}],"replies":[{"embeddable":true,"href":"https:\/\/www.universante-urepsss.fr\/index.php\/wp-json\/wp\/v2\/comments?post=72"}],"version-history":[{"count":14,"href":"https:\/\/www.universante-urepsss.fr\/index.php\/wp-json\/wp\/v2\/pages\/72\/revisions"}],"predecessor-version":[{"id":274,"href":"https:\/\/www.universante-urepsss.fr\/index.php\/wp-json\/wp\/v2\/pages\/72\/revisions\/274"}],"wp:attachment":[{"href":"https:\/\/www.universante-urepsss.fr\/index.php\/wp-json\/wp\/v2\/media?parent=72"}],"curies":[{"name":"wp","href":"https:\/\/api.w.org\/{rel}","templated":true}]}}