{"id":5,"date":"2016-10-24T17:14:33","date_gmt":"2016-10-24T15:14:33","guid":{"rendered":"http:\/\/www.universante-urepsss.fr\/?page_id=5"},"modified":"2018-11-27T11:21:02","modified_gmt":"2018-11-27T10:21:02","slug":"presentation","status":"publish","type":"page","link":"https:\/\/www.universante-urepsss.fr\/","title":{"rendered":"Pr\u00e9sentation"},"content":{"rendered":"<p style=\"text-align: justify;\">L&rsquo;universit\u00e9 du Littoral C\u00f4te d&rsquo;Opale (ULCO) est soucieuse de la sant\u00e9 et du bien \u00eatre de ses \u00e9tudiants et de son personnel, c&rsquo;est pourquoi, depuis 2006, l&rsquo;ULCO soutien le projet Universant\u00e9.<\/p>\n<p style=\"text-align: justify;\">Les journ\u00e9es Universant\u00e9 ont lieu une fois par an sur chaque site de l&rsquo;ULCO. Elles sont ouvertes \u00e0 l&rsquo;ensemble des \u00e9tudiants et du personnel de l&rsquo;ULCO. Elles offrent la possibilit\u00e9 \u00e0 chacun d&rsquo;effectuer un bilan de sant\u00e9, de discuter avec des professionnels et de participer aux animations du village sant\u00e9.<\/p>\n<p style=\"text-align: justify;\"><a href=\"http:\/\/www.nordpasdecalais.mutualite.fr\/\" target=\"_blank\" rel=\"noopener\">La Mutualit\u00e9 Fran\u00e7aise<\/a>, le laboratoire <a href=\"http:\/\/urepsss.com\/\" target=\"_blank\" rel=\"noopener\">URePSSS<\/a> (Unit\u00e9 de Recherche Pluridisciplinaire Sport, Sant\u00e9, Soci\u00e9t\u00e9), Le SUMPS (Service de M\u00e9decine Pr\u00e9ventive), les <a href=\"http:\/\/bulco.univ-littoral.fr\/\" target=\"_blank\" rel=\"noopener\">Biblioth\u00e8ques Universitaires<\/a>, les \u00e9tudiants du Master STAPS APAS (Activit\u00e9 Physique Adapt\u00e9e et Sant\u00e9) de l&rsquo;ULCO et ceux des IFSI (Institut de Formation en Soins Infirmiers) sont des partenaires actifs des journ\u00e9es Universant\u00e9.<\/p>\n<p style=\"text-align: justify;\">Ces journ\u00e9es ont pour objet d&rsquo;\u00e9valuer l&rsquo;\u00e9tat de sant\u00e9 des participants et de les sensibiliser \u00e0 des comportements leur permettant de le maintenir ou de l&rsquo;am\u00e9liorer.<\/p>\n<p style=\"text-align: justify;\">Afin d&rsquo;\u00e9valuer d&rsquo;une mani\u00e8re globale et la plus exhaustive possible l&rsquo;\u00e9tat de sant\u00e9 des participants, un circuit de mesures\u00a0 et de tests leur est propos\u00e9 pour compl\u00e9ter des \u00e9valuations par questionnaires.<\/p>\n<p style=\"text-align: justify;\">Des professionnels de sant\u00e9 (m\u00e9decin, psychologue, di\u00e9t\u00e9ticien, sp\u00e9cialistes du sommeil\u2026) sont pr\u00e9sents pour s&rsquo;entretenir avec les visiteurs. D\u2019autres intervenants sont aussi pr\u00e9sents (relaxation, nutrition, addictions, sport universitaire\u2026).<\/p>\n<p style=\"text-align: justify;\">Cette \u00e9tude permet\u00a0 aux chercheurs du laboratoire URePSSS de faire le point sur l&rsquo;\u00e9volution de la sant\u00e9 des \u00e9tudiants au fil des ann\u00e9es, de dynamiser la politique de prise en charge de la sant\u00e9 \u00e0 l&rsquo;Universit\u00e9 ainsi que de d\u00e9velopper des programmes innovants de prise en charge adapt\u00e9e.<\/p>\n<p align=\"justify\">Alors n&rsquo;h\u00e9sitez plus, venez nous retrouver !<\/p>\n<p align=\"justify\"><em>Toute l&rsquo;\u00e9quipe d&rsquo;Universant\u00e9<\/em><\/p>\n<p>&nbsp;<\/p>\n<p><img loading=\"lazy\" class=\"size-full wp-image-14 aligncenter\" src=\"http:\/\/www.universante-urepsss.fr\/wp-content\/uploads\/2016\/10\/logos.jpg\" alt=\"logos\" width=\"730\" height=\"116\" srcset=\"https:\/\/www.universante-urepsss.fr\/wp-content\/uploads\/2016\/10\/logos.jpg 730w, https:\/\/www.universante-urepsss.fr\/wp-content\/uploads\/2016\/10\/logos-300x48.jpg 300w, https:\/\/www.universante-urepsss.fr\/wp-content\/uploads\/2016\/10\/logos-676x107.jpg 676w\" sizes=\"(max-width: 730px) 100vw, 730px\" \/><img loading=\"lazy\" class=\"size-full wp-image-196 aligncenter\" src=\"http:\/\/www.universante-urepsss.fr\/wp-content\/uploads\/2018\/11\/barre2.jpg\" alt=\"\" width=\"493\" height=\"116\" srcset=\"https:\/\/www.universante-urepsss.fr\/wp-content\/uploads\/2018\/11\/barre2.jpg 493w, https:\/\/www.universante-urepsss.fr\/wp-content\/uploads\/2018\/11\/barre2-300x71.jpg 300w\" sizes=\"(max-width: 493px) 100vw, 493px\" \/><\/p>\n","protected":false},"excerpt":{"rendered":"<p>L&rsquo;universit\u00e9 du Littoral C\u00f4te d&rsquo;Opale (ULCO) est soucieuse de la sant\u00e9 et du bien \u00eatre de ses \u00e9tudiants et de son personnel, c&rsquo;est pourquoi, depuis 2006, l&rsquo;ULCO soutien le projet Universant\u00e9. Les journ\u00e9es Universant\u00e9 ont lieu une fois par an sur chaque site de l&rsquo;ULCO. Elles sont ouvertes \u00e0 l&rsquo;ensemble des \u00e9tudiants et du personnel [&hellip;]<\/p>\n","protected":false},"author":1,"featured_media":0,"parent":0,"menu_order":0,"comment_status":"closed","ping_status":"closed","template":"","meta":[],"_links":{"self":[{"href":"https:\/\/www.universante-urepsss.fr\/index.php\/wp-json\/wp\/v2\/pages\/5"}],"collection":[{"href":"https:\/\/www.universante-urepsss.fr\/index.php\/wp-json\/wp\/v2\/pages"}],"about":[{"href":"https:\/\/www.universante-urepsss.fr\/index.php\/wp-json\/wp\/v2\/types\/page"}],"author":[{"embeddable":true,"href":"https:\/\/www.universante-urepsss.fr\/index.php\/wp-json\/wp\/v2\/users\/1"}],"replies":[{"embeddable":true,"href":"https:\/\/www.universante-urepsss.fr\/index.php\/wp-json\/wp\/v2\/comments?post=5"}],"version-history":[{"count":10,"href":"https:\/\/www.universante-urepsss.fr\/index.php\/wp-json\/wp\/v2\/pages\/5\/revisions"}],"predecessor-version":[{"id":197,"href":"https:\/\/www.universante-urepsss.fr\/index.php\/wp-json\/wp\/v2\/pages\/5\/revisions\/197"}],"wp:attachment":[{"href":"https:\/\/www.universante-urepsss.fr\/index.php\/wp-json\/wp\/v2\/media?parent=5"}],"curies":[{"name":"wp","href":"https:\/\/api.w.org\/{rel}","templated":true}]}}