{"id":266,"date":"2020-12-16T15:14:27","date_gmt":"2020-12-16T14:14:27","guid":{"rendered":"http:\/\/www.universante-urepsss.fr\/?page_id=266"},"modified":"2020-12-16T15:21:10","modified_gmt":"2020-12-16T14:21:10","slug":"enregistrements-colloque-2020","status":"publish","type":"page","link":"https:\/\/www.universante-urepsss.fr\/index.php\/enregistrements-colloque-2020\/","title":{"rendered":"Enregistrements colloque 2020"},"content":{"rendered":"<h4 style=\"text-align: center;\">\u00ab La sant\u00e9 des \u00e9tudiants en question \u00bb<\/h4>\n<h4 style=\"text-align: center;\">\u00ab L\u2019\u00e9tudiant et son environnement, quelles strat\u00e9gies pour son bien-\u00eatre ? \u00bb<\/h4>\n<h4 style=\"text-align: center;\">4<sup>\u00e8me<\/sup> Journ\u00e9e Denis Theunynck<\/h4>\n<h4 style=\"text-align: center;\">27 novembre 2020 en visioconf\u00e9rence<\/h4>\n<p>&nbsp;<\/p>\n<table class=\" aligncenter\" style=\"width: 63.3094%; height: 166px;\">\n<tbody>\n<tr>\n<td style=\"width: 800.267px; text-align: center;\"><a href=\"http:\/\/www.universante-urepsss.fr\/wp-content\/uploads\/2020\/11\/programme2020.pdf\" target=\"_blank\" rel=\"noopener noreferrer\">T\u00e9l\u00e9charger le programme<\/a><\/td>\n<\/tr>\n<tr>\n<td style=\"width: 800.267px; text-align: center;\"><a href=\"https:\/\/podulco.univ-littoral.fr\/video\/0342-colloque-universante\/\" target=\"_blank\" rel=\"noopener noreferrer\">Visionner l&rsquo;enregistrement du colloque<\/a><\/p>\n<p><em>L&rsquo;enregistrement est chapitr\u00e9, vous pouvez utiliser le bouton \u00ab\u00a0Chapitre\u00a0\u00bb en bas \u00e0 droite de la vid\u00e9o pour acc\u00e9der directement \u00e0 une intervention particuli\u00e8re<\/em><\/td>\n<\/tr>\n<\/tbody>\n<\/table>\n<p>&nbsp;<\/p>\n","protected":false},"excerpt":{"rendered":"<p>\u00ab La sant\u00e9 des \u00e9tudiants en question \u00bb \u00ab L\u2019\u00e9tudiant et son environnement, quelles strat\u00e9gies pour son bien-\u00eatre ? \u00bb 4\u00e8me Journ\u00e9e Denis Theunynck 27 novembre 2020 en visioconf\u00e9rence &nbsp; T\u00e9l\u00e9charger le programme Visionner l&rsquo;enregistrement du colloque L&rsquo;enregistrement est chapitr\u00e9, vous pouvez utiliser le bouton \u00ab\u00a0Chapitre\u00a0\u00bb en bas \u00e0 droite de la vid\u00e9o pour acc\u00e9der [&hellip;]<\/p>\n","protected":false},"author":1,"featured_media":0,"parent":0,"menu_order":0,"comment_status":"closed","ping_status":"closed","template":"","meta":[],"_links":{"self":[{"href":"https:\/\/www.universante-urepsss.fr\/index.php\/wp-json\/wp\/v2\/pages\/266"}],"collection":[{"href":"https:\/\/www.universante-urepsss.fr\/index.php\/wp-json\/wp\/v2\/pages"}],"about":[{"href":"https:\/\/www.universante-urepsss.fr\/index.php\/wp-json\/wp\/v2\/types\/page"}],"author":[{"embeddable":true,"href":"https:\/\/www.universante-urepsss.fr\/index.php\/wp-json\/wp\/v2\/users\/1"}],"replies":[{"embeddable":true,"href":"https:\/\/www.universante-urepsss.fr\/index.php\/wp-json\/wp\/v2\/comments?post=266"}],"version-history":[{"count":2,"href":"https:\/\/www.universante-urepsss.fr\/index.php\/wp-json\/wp\/v2\/pages\/266\/revisions"}],"predecessor-version":[{"id":269,"href":"https:\/\/www.universante-urepsss.fr\/index.php\/wp-json\/wp\/v2\/pages\/266\/revisions\/269"}],"wp:attachment":[{"href":"https:\/\/www.universante-urepsss.fr\/index.php\/wp-json\/wp\/v2\/media?parent=266"}],"curies":[{"name":"wp","href":"https:\/\/api.w.org\/{rel}","templated":true}]}}