{"id":226,"date":"2019-07-09T15:58:10","date_gmt":"2019-07-09T13:58:10","guid":{"rendered":"http:\/\/www.universante-urepsss.fr\/?page_id=226"},"modified":"2021-01-11T14:56:35","modified_gmt":"2021-01-11T13:56:35","slug":"enregistrements-colloque-2019","status":"publish","type":"page","link":"https:\/\/www.universante-urepsss.fr\/index.php\/enregistrements-colloque-2019\/","title":{"rendered":"Enregistrements colloque 2019"},"content":{"rendered":"<h3 style=\"text-align: center;\"><strong>\u00ab La sant\u00e9 des \u00e9tudiants en question \u00bb<\/strong><\/h3>\n<h3 style=\"text-align: center;\"><strong>Journ\u00e9e Denis Theunynck<\/strong><\/h3>\n<h3 style=\"text-align: center;\"><em>6 juin 2019, Dunkerque<\/em><\/h3>\n<h3 style=\"text-align: center;\">Enregistrements vid\u00e9os<\/h3>\n<p style=\"text-align: center;\"><em>Les enregistrements sont chapitr\u00e9s, vous pouvez utiliser le bouton \u00ab Chapitre \u00bb en bas \u00e0 droite de la vid\u00e9o pour acc\u00e9der directement \u00e0 une intervention particuli\u00e8re<\/em><\/p>\n<table style=\"width: 100%; height: 943px;\">\n<tbody>\n<tr style=\"height: 17px;\">\n<td style=\"height: 17px;\" width=\"18%\">8h50-9h00<\/td>\n<td style=\"height: 17px;\">Ouverture du colloque<\/td>\n<\/tr>\n<tr style=\"height: 17px;\">\n<td style=\"height: 17px;\">9h00-10h00<\/td>\n<td style=\"height: 17px;\">Dr Mathias Poussel (CHRU Nancy) : \u00ab La Prescription d\u2019Activit\u00e9 Physique chez les \u00e9tudiants \u00bb<\/td>\n<\/tr>\n<tr style=\"height: 17px;\">\n<td style=\"height: 17px;\">10h00-10h30<\/td>\n<td style=\"height: 17px;\">Pause<\/td>\n<\/tr>\n<tr style=\"height: 239px;\">\n<td style=\"height: 239px;\">10h30-12h15<\/td>\n<td style=\"height: 239px;\">\n<table style=\"width: 100%; height: 75px;\" width=\"90%\" align=\"CENTER\">\n<tbody>\n<tr style=\"height: 15px;\">\n<td style=\"height: 15px;\">Olivier Dieu (Universit\u00e9 du Littoral C\u00f4te d\u2019Opale) : Dispositifs d\u2019\u00e9ducation \u00e0 la sant\u00e9 en STAPS impact sur la motivation et les croyances vis-\u00e0-vis du sport des \u00e9tudiants de L1.<\/td>\n<\/tr>\n<tr style=\"height: 15px;\">\n<td style=\"height: 15px;\">Daniel Caballero (Universit\u00e9 de Lille) : \u00c9ducation, Sant\u00e9 et Expression Corporelle : les bienfaits de l\u2019Activit\u00e9 Physique Artistique<\/td>\n<\/tr>\n<tr style=\"height: 15px;\">\n<td style=\"height: 15px;\">Marie Pierre Tavolacci, Joel Ladner (CHRU Rouen) : La pratique d\u2019activit\u00e9 physique chez les \u00e9tudiants de l\u2019Universit\u00e9 de Rouen<\/td>\n<\/tr>\n<tr style=\"height: 15px;\">\n<td style=\"height: 15px;\">Clement Llena (Universit\u00e9 de Lille) : Une prescription authentique dans une optique pr\u00e9ventive : \u00e9tudes sous le prisme des valeurs et du bien-\u00eatre au travail des \u00e9tudiants fonctionnaires stagiaires en EPS<\/td>\n<\/tr>\n<\/tbody>\n<\/table>\n<\/td>\n<\/tr>\n<tr style=\"height: 17px;\">\n<td style=\"height: 17px;\">12h15-12h30<\/td>\n<td style=\"height: 17px;\">Pr\u00e9sentation de Dk&rsquo;Pulse et du Bus \u00ab\u00a0APA Mobile\u00a0\u00bb<\/td>\n<\/tr>\n<tr style=\"height: 17px;\">\n<td style=\"height: 17px;\" colspan=\"2\"><center><a href=\"https:\/\/podulco.univ-littoral.fr\/video\/0416-universante-jeudi-06-juin-2019-a-09h05\/\" target=\"_blank\" rel=\"noopener noreferrer\">Enregistrement vid\u00e9o index\u00e9 de la matin\u00e9e<\/a><\/center><\/td>\n<\/tr>\n<tr style=\"height: 17px;\">\n<td style=\"height: 17px;\">12h30-13h45<\/td>\n<td style=\"height: 17px;\">Cocktail dinatoire<\/td>\n<\/tr>\n<tr style=\"height: 357px;\">\n<td style=\"height: 357px;\">13h45-14h30<\/td>\n<td style=\"height: 357px;\">Communications par des \u00e9tudiants dans le cadre du Prix Denis Theunynck.<\/p>\n<table width=\"90%\" align=\"CENTER\">\n<tbody>\n<tr>\n<td>Baiche Leila, Cartier Laura et Quenton Victoria (Universit\u00e9 du Littoral C\u00f4te d\u2019Opale). Effet de l\u2019Activit\u00e9 Physique, de la Vie Sociale et du Sommeil sur la Sant\u00e9 Psychologique.<\/td>\n<\/tr>\n<tr>\n<td>Dupriez Cl\u00e9ment, Hamez Corentin, Joly Robin, Manie Jordan (Universit\u00e9 du Littoral C\u00f4te d\u2019Opale). Effets des Formations, de la Satisfaction Sociale et des Troubles du Comportement Alimentaire sur la Sant\u00e9 Physique.<\/td>\n<\/tr>\n<tr>\n<td>Corentin Condette, Victor Duriez, Benjamin Fouble, Chlo\u00e9 Marie (Universit\u00e9 du Littoral C\u00f4te d\u2019Opale). Effets du Sexe, de l\u2019IMC, de la Formation et de l\u2019Activit\u00e9 Physique d\u00e9clar\u00e9e sur la Sant\u00e9 Sociale.<\/td>\n<\/tr>\n<tr>\n<td>Leleu Marie, Petit Sophie, Trupin Am\u00e9lie (Universit\u00e9 du Littoral C\u00f4te d\u2019Opale). Effets du Sexe, de l\u2019IMC, de la Formation, de l\u2019Activit\u00e9 Physique d\u00e9clar\u00e9e et du Bien-\u00eatre sur la Nomophobie.<\/td>\n<\/tr>\n<tr>\n<td>Fournier Marie (Universit\u00e9 Paris X). Etude de l\u2019alimentation \u00e9motionnelle et de l\u2019addiction \u00e0 internet chez les jeunes fran\u00e7ais de 18 \u00e0 30 ans.<\/td>\n<\/tr>\n<\/tbody>\n<\/table>\n<\/td>\n<\/tr>\n<tr style=\"height: 63px;\">\n<td style=\"height: 63px;\">14h30-14h45<\/td>\n<td style=\"height: 63px;\">Valentin Bourlois (Universit\u00e9 du Littoral C\u00f4te d\u2019Opale) : Lancement du projet de mise en activit\u00e9 par la pr\u00e9paration \u00e0 une aventure extr\u00eame (premi\u00e8re partie).<\/td>\n<\/tr>\n<tr style=\"height: 80px;\">\n<td style=\"height: 80px;\">14h45-15h00<\/td>\n<td style=\"height: 80px;\">Jean-Marc Skalecki (Directeur adjoint du secteur Sant\u00e9 du service des sports de l\u2019Universit\u00e9 de Lille) : R\u00e9sum\u00e9 des actions bien-\u00eatre sant\u00e9 au SUAPS de l\u2019Universit\u00e9 de Lille<\/td>\n<\/tr>\n<tr style=\"height: 17px;\">\n<td style=\"height: 17px;\">15h00-15h15<\/td>\n<td style=\"height: 17px;\">Remise du Prix Denis Theunynck<\/td>\n<\/tr>\n<tr style=\"height: 34px;\">\n<td style=\"height: 34px;\">15h15-15h30<\/td>\n<td style=\"height: 34px;\">Sigrid Van Den Branden (Universit\u00e9 Howest de Bruges) : <em>Le premier Healthy Howest a eu lieu en d\u00e9cembre 2018 !<\/em><\/td>\n<\/tr>\n<tr style=\"height: 17px;\">\n<td style=\"height: 17px;\">15h30-15h45<\/td>\n<td style=\"height: 17px;\">Lucille Millot et Elise Delacre (Service Universitaire de M\u00e9decine Pr\u00e9ventive de l\u2019Universit\u00e9 du Littorale C\u00f4te d\u2019Opale) : Prescription de s\u00e9ances de gestion du stress par la relaxation et les activit\u00e9s physiques douces \u00e0 l\u2019ULCO.<\/td>\n<\/tr>\n<tr style=\"height: 17px;\">\n<td style=\"height: 17px;\">16h00<\/td>\n<td style=\"height: 17px;\">\u00a0Cl\u00f4ture<\/td>\n<\/tr>\n<tr style=\"height: 17px;\">\n<td style=\"height: 17px;\" colspan=\"2\"><center><a href=\"https:\/\/podulco.univ-littoral.fr\/video\/0417-universante-jeudi-06-juin-2019-a-13h58\/\" target=\"_blank\" rel=\"noopener noreferrer\">Enregistrement vid\u00e9o index\u00e9 de l&rsquo;apr\u00e8s-midi <\/a><\/center><\/td>\n<\/tr>\n<\/tbody>\n<\/table>\n","protected":false},"excerpt":{"rendered":"<p>\u00ab La sant\u00e9 des \u00e9tudiants en question \u00bb Journ\u00e9e Denis Theunynck 6 juin 2019, Dunkerque Enregistrements vid\u00e9os Les enregistrements sont chapitr\u00e9s, vous pouvez utiliser le bouton \u00ab Chapitre \u00bb en bas \u00e0 droite de la vid\u00e9o pour acc\u00e9der directement \u00e0 une intervention particuli\u00e8re 8h50-9h00 Ouverture du colloque 9h00-10h00 Dr Mathias Poussel (CHRU Nancy) : \u00ab [&hellip;]<\/p>\n","protected":false},"author":1,"featured_media":0,"parent":0,"menu_order":0,"comment_status":"closed","ping_status":"closed","template":"","meta":[],"_links":{"self":[{"href":"https:\/\/www.universante-urepsss.fr\/index.php\/wp-json\/wp\/v2\/pages\/226"}],"collection":[{"href":"https:\/\/www.universante-urepsss.fr\/index.php\/wp-json\/wp\/v2\/pages"}],"about":[{"href":"https:\/\/www.universante-urepsss.fr\/index.php\/wp-json\/wp\/v2\/types\/page"}],"author":[{"embeddable":true,"href":"https:\/\/www.universante-urepsss.fr\/index.php\/wp-json\/wp\/v2\/users\/1"}],"replies":[{"embeddable":true,"href":"https:\/\/www.universante-urepsss.fr\/index.php\/wp-json\/wp\/v2\/comments?post=226"}],"version-history":[{"count":7,"href":"https:\/\/www.universante-urepsss.fr\/index.php\/wp-json\/wp\/v2\/pages\/226\/revisions"}],"predecessor-version":[{"id":272,"href":"https:\/\/www.universante-urepsss.fr\/index.php\/wp-json\/wp\/v2\/pages\/226\/revisions\/272"}],"wp:attachment":[{"href":"https:\/\/www.universante-urepsss.fr\/index.php\/wp-json\/wp\/v2\/media?parent=226"}],"curies":[{"name":"wp","href":"https:\/\/api.w.org\/{rel}","templated":true}]}}