{"id":21,"date":"2016-10-25T12:05:16","date_gmt":"2016-10-25T10:05:16","guid":{"rendered":"http:\/\/www.universante-urepsss.fr\/?page_id=21"},"modified":"2021-11-05T11:47:17","modified_gmt":"2021-11-05T10:47:17","slug":"repondre-au-questionnaire","status":"publish","type":"page","link":"https:\/\/www.universante-urepsss.fr\/index.php\/repondre-au-questionnaire\/","title":{"rendered":"R\u00e9pondre au questionnaire"},"content":{"rendered":"<p style=\"text-align: justify;\">Cette \u00e9tude est anonyme et les donn\u00e9es restent confidentielles.<\/p>\n<p style=\"text-align: justify;\">Toutes les informations recueillies au cours de l\u2019\u00e9tude seront r\u00e9pertori\u00e9es et analys\u00e9es par un syst\u00e8me informatique. Vous pourrez exercer votre droit de rectification des donn\u00e9es recueillies qui resteront par ailleurs strictement confidentielles. Une d\u00e9claration n\u00b01989140 v 0 \u00e0 la CNIL a \u00e9t\u00e9 r\u00e9alis\u00e9e pour cette \u00e9tude.<\/p>\n<p style=\"text-align: justify;\">Cette recherche sera diffus\u00e9e dans des colloques et elle sera publi\u00e9e dans des actes de colloque et des articles de revue acad\u00e9mique.<\/p>\n<p style=\"text-align: justify;\">Votre nom ne figurera \u00e0 aucun moment dans les donn\u00e9es informatiques en accord avec la loi \u00ab\u00a0Informatique et Libert\u00e9\u00a0\u00bb modifi\u00e9e par la loi n\u00b094-548 du 1er juillet 1994. Votre code d\u2019identification sera utilis\u00e9 uniquement le temps du recueil des donn\u00e9es et effac\u00e9 ensuite.<\/p>\n<p style=\"text-align: justify;\">Toutes les donn\u00e9es seront gard\u00e9es dans un endroit s\u00e9curis\u00e9 et seuls les responsables scientifiques et les chercheurs adjoints y auront acc\u00e8s. Nous n&rsquo;autorisons leur consultation que par des personnes qui collaborent \u00e0 la recherche, mandat\u00e9es par R\u00e9my Hurdiel ou, \u00e9ventuellement, par un repr\u00e9sentant des autorit\u00e9s de sant\u00e9.<\/p>\n<p style=\"text-align: justify;\">L\u2019universit\u00e9 du Littoral C\u00f4te d\u2019Opale, promoteur de cette \u00e9tude, est couverte par une assurance (MAIF) comme il est pr\u00e9vu par la loi.<\/p>\n<p style=\"text-align: justify;\">Cette \u00e9tude est possible gr\u00e2ce au soutient de la Mutualit\u00e9 Fran\u00e7aise Hauts de France.<\/p>\n<p style=\"text-align: justify;\">Pour tout compl\u00e9ment d&rsquo;informations que vous souhaiteriez obtenir, vous pouvez contacter remy.hurdiel@univ-littoral.fr.<\/p>\n<table class=\"aligncenter\" style=\"width: 400px; height: 44px;\" border=\"2\" cellpadding=\"4\">\n<tbody>\n<tr>\n<td style=\"width: 400px; text-align: center; vertical-align: middle;\"><a href=\"http:\/\/www.universante-urepsss.fr\/questionnaire\/universante2021\/universante-sais\/\">R\u00e9pondre au questionnaire<\/a><\/td>\n<\/tr>\n<\/tbody>\n<\/table>\n<p style=\"text-align: justify;\"><em><strong>Note :<\/strong> Il est possible de r\u00e9pondre au questionnaire \u00e0 partir d\u2019une tablette ou d\u2019un t\u00e9l\u00e9phone portable, cependant il peut arriver que vous soyez invit\u00e9 \u00e0 vous r\u00e9-identifier lors de l\u2019enregistrement d\u2019une rubrique (message \u00abSession non active\u00bb). Ceci se produira principalement si votre appareil s\u2019est mis en veille ou si vous avez lanc\u00e9 une autre application (consultation de texto par ex.). Pour \u00e9viter de ressaisir la rubrique, vous pouvez remonter dans votre historique de navigation jusqu\u2019\u00e0 cette rubrique apr\u00e8s vous \u00eatre r\u00e9-identifi\u00e9. Si vos r\u00e9ponses sont toujours pr\u00e9sentes, vous pouvez enregistrer la rubrique et continuer \u00e0 partir de l\u00e0.<\/em><\/p>\n<p><img loading=\"lazy\" class=\"size-full wp-image-14 aligncenter\" src=\"http:\/\/www.universante-urepsss.fr\/wp-content\/uploads\/2016\/10\/logos.jpg\" alt=\"logos\" width=\"730\" height=\"116\" srcset=\"https:\/\/www.universante-urepsss.fr\/wp-content\/uploads\/2016\/10\/logos.jpg 730w, https:\/\/www.universante-urepsss.fr\/wp-content\/uploads\/2016\/10\/logos-300x48.jpg 300w, https:\/\/www.universante-urepsss.fr\/wp-content\/uploads\/2016\/10\/logos-676x107.jpg 676w\" sizes=\"(max-width: 730px) 100vw, 730px\" \/><img loading=\"lazy\" class=\"size-full wp-image-196 aligncenter\" src=\"http:\/\/www.universante-urepsss.fr\/wp-content\/uploads\/2018\/11\/barre2.jpg\" alt=\"\" width=\"493\" height=\"116\" srcset=\"https:\/\/www.universante-urepsss.fr\/wp-content\/uploads\/2018\/11\/barre2.jpg 493w, https:\/\/www.universante-urepsss.fr\/wp-content\/uploads\/2018\/11\/barre2-300x71.jpg 300w\" sizes=\"(max-width: 493px) 100vw, 493px\" \/><\/p>\n","protected":false},"excerpt":{"rendered":"<p>Cette \u00e9tude est anonyme et les donn\u00e9es restent confidentielles. Toutes les informations recueillies au cours de l\u2019\u00e9tude seront r\u00e9pertori\u00e9es et analys\u00e9es par un syst\u00e8me informatique. Vous pourrez exercer votre droit de rectification des donn\u00e9es recueillies qui resteront par ailleurs strictement confidentielles. Une d\u00e9claration n\u00b01989140 v 0 \u00e0 la CNIL a \u00e9t\u00e9 r\u00e9alis\u00e9e pour cette \u00e9tude. [&hellip;]<\/p>\n","protected":false},"author":1,"featured_media":0,"parent":0,"menu_order":0,"comment_status":"closed","ping_status":"closed","template":"","meta":[],"_links":{"self":[{"href":"https:\/\/www.universante-urepsss.fr\/index.php\/wp-json\/wp\/v2\/pages\/21"}],"collection":[{"href":"https:\/\/www.universante-urepsss.fr\/index.php\/wp-json\/wp\/v2\/pages"}],"about":[{"href":"https:\/\/www.universante-urepsss.fr\/index.php\/wp-json\/wp\/v2\/types\/page"}],"author":[{"embeddable":true,"href":"https:\/\/www.universante-urepsss.fr\/index.php\/wp-json\/wp\/v2\/users\/1"}],"replies":[{"embeddable":true,"href":"https:\/\/www.universante-urepsss.fr\/index.php\/wp-json\/wp\/v2\/comments?post=21"}],"version-history":[{"count":30,"href":"https:\/\/www.universante-urepsss.fr\/index.php\/wp-json\/wp\/v2\/pages\/21\/revisions"}],"predecessor-version":[{"id":287,"href":"https:\/\/www.universante-urepsss.fr\/index.php\/wp-json\/wp\/v2\/pages\/21\/revisions\/287"}],"wp:attachment":[{"href":"https:\/\/www.universante-urepsss.fr\/index.php\/wp-json\/wp\/v2\/media?parent=21"}],"curies":[{"name":"wp","href":"https:\/\/api.w.org\/{rel}","templated":true}]}}