{"id":127,"date":"2018-04-18T15:24:37","date_gmt":"2018-04-18T13:24:37","guid":{"rendered":"http:\/\/www.universante-urepsss.fr\/?page_id=127"},"modified":"2020-11-03T14:42:34","modified_gmt":"2020-11-03T13:42:34","slug":"colloque-universante","status":"publish","type":"page","link":"https:\/\/www.universante-urepsss.fr\/index.php\/colloque-universante\/","title":{"rendered":"Colloque Universant\u00e9"},"content":{"rendered":"<h4 style=\"text-align: center;\">\u00ab La sant\u00e9 des \u00e9tudiants en question \u00bb<\/h4>\n<h4 style=\"text-align: center;\">\u00ab L\u2019\u00e9tudiant et son environnement, quelles strat\u00e9gies pour son bien-\u00eatre ? \u00bb<\/h4>\n<h4 style=\"text-align: center;\">4<sup>\u00e8me<\/sup> Journ\u00e9e Denis Theunynck<\/h4>\n<h4 style=\"text-align: center;\">27 novembre 2020 en visioconf\u00e9rence<\/h4>\n<table style=\"border-collapse: collapse; width: 100%;\">\n<tbody>\n<tr>\n<td style=\"width: 860.167px; text-align: center;\"><a href=\"http:\/\/www.universante-urepsss.fr\/wp-content\/uploads\/2020\/11\/programme2020.pdf\" target=\"_blank\" rel=\"noopener noreferrer\">T\u00e9l\u00e9charger le programme<\/a><\/td>\n<\/tr>\n<tr>\n<td style=\"width: 860.167px; text-align: center;\"><a href=\"\/questionnaire\/inscription2020\/\" target=\"_blank\" rel=\"noopener noreferrer\">Inscription au colloque<\/a><\/td>\n<\/tr>\n<\/tbody>\n<\/table>\n<p>Depuis 2013, le laboratoire URePSSS EA 7369 organise un colloque sur la sant\u00e9 des \u00e9tudiants. Il fait suite \u00e0 la campagne Universant\u00e9 et est organis\u00e9 en partenariat avec la Mutualit\u00e9 Fran\u00e7aise des Hauts de France.<\/p>\n<p>Cette ann\u00e9e, un th\u00e8me a \u00e9t\u00e9 retenu pour les communications : l\u2019interaction entre l\u2019\u00e9tudiant et son environnement (physique, psychologique, social, soci\u00e9tal, etc.) et le lien avec son bien-\u00eatre.<\/p>\n<p>En raison des conditions sanitaires, le colloque ne sera accessible qu&rsquo;en visioconf\u00e9rence. Les personnes inscrites recevront par courriel un lien leur permettant de suivre le colloque. Ce lien sera envoy\u00e9 un peu avant le 27 novembre.<\/p>\n<p>Cette ann\u00e9e encore, nous mettrons en avant des travaux de niveau Licence ou Master et exceptionnellement de Doctorat portant sur le domaine de la sant\u00e9 des \u00e9tudiants, de pr\u00e9f\u00e9rence en lien avec l\u2019activit\u00e9 physique, au travers du Prix Denis Theunynck.<\/p>\n<p>&nbsp;<\/p>\n","protected":false},"excerpt":{"rendered":"<p>\u00ab La sant\u00e9 des \u00e9tudiants en question \u00bb \u00ab L\u2019\u00e9tudiant et son environnement, quelles strat\u00e9gies pour son bien-\u00eatre ? \u00bb 4\u00e8me Journ\u00e9e Denis Theunynck 27 novembre 2020 en visioconf\u00e9rence T\u00e9l\u00e9charger le programme Inscription au colloque Depuis 2013, le laboratoire URePSSS EA 7369 organise un colloque sur la sant\u00e9 des \u00e9tudiants. Il fait suite \u00e0 la [&hellip;]<\/p>\n","protected":false},"author":1,"featured_media":0,"parent":0,"menu_order":0,"comment_status":"closed","ping_status":"closed","template":"","meta":[],"_links":{"self":[{"href":"https:\/\/www.universante-urepsss.fr\/index.php\/wp-json\/wp\/v2\/pages\/127"}],"collection":[{"href":"https:\/\/www.universante-urepsss.fr\/index.php\/wp-json\/wp\/v2\/pages"}],"about":[{"href":"https:\/\/www.universante-urepsss.fr\/index.php\/wp-json\/wp\/v2\/types\/page"}],"author":[{"embeddable":true,"href":"https:\/\/www.universante-urepsss.fr\/index.php\/wp-json\/wp\/v2\/users\/1"}],"replies":[{"embeddable":true,"href":"https:\/\/www.universante-urepsss.fr\/index.php\/wp-json\/wp\/v2\/comments?post=127"}],"version-history":[{"count":18,"href":"https:\/\/www.universante-urepsss.fr\/index.php\/wp-json\/wp\/v2\/pages\/127\/revisions"}],"predecessor-version":[{"id":260,"href":"https:\/\/www.universante-urepsss.fr\/index.php\/wp-json\/wp\/v2\/pages\/127\/revisions\/260"}],"wp:attachment":[{"href":"https:\/\/www.universante-urepsss.fr\/index.php\/wp-json\/wp\/v2\/media?parent=127"}],"curies":[{"name":"wp","href":"https:\/\/api.w.org\/{rel}","templated":true}]}}