{"id":107,"date":"2017-10-16T16:08:17","date_gmt":"2017-10-16T14:08:17","guid":{"rendered":"http:\/\/www.universante-urepsss.fr\/?page_id=107"},"modified":"2019-06-24T12:01:58","modified_gmt":"2019-06-24T10:01:58","slug":"publications-scientifiques","status":"publish","type":"page","link":"https:\/\/www.universante-urepsss.fr\/index.php\/publications-scientifiques\/","title":{"rendered":"Publications scientifiques"},"content":{"rendered":"<p style=\"text-align: justify;\"><em>Universant\u00e9 est aussi un programme de recherche portant sur la sant\u00e9 des \u00e9tudiants. Vous trouverez ci-dessous une liste des publications scientifiques qui lui sont li\u00e9es.<\/em><\/p>\n<p style=\"text-align: justify;\"><strong>Ouvrages<\/strong><\/p>\n<p style=\"text-align: justify;\">Porrovecchio A., Di Francesco G., Ladner J. (dir.), Etudiants : acteurs de leur sant\u00e9 ? Regards interdisciplinaires, L\u2019Harmattan, Paris, ISBN : 978-2-343-13384-3, janvier 2018, 208 pages.<\/p>\n<p style=\"text-align: justify;\"><img loading=\"lazy\" class=\"size-full wp-image-120 aligncenter\" src=\"http:\/\/www.universante-urepsss.fr\/wp-content\/uploads\/2018\/01\/etudacteur1.jpg\" alt=\"\" width=\"528\" height=\"782\" srcset=\"https:\/\/www.universante-urepsss.fr\/wp-content\/uploads\/2018\/01\/etudacteur1.jpg 528w, https:\/\/www.universante-urepsss.fr\/wp-content\/uploads\/2018\/01\/etudacteur1-203x300.jpg 203w\" sizes=\"(max-width: 528px) 100vw, 528px\" \/><\/p>\n<p style=\"text-align: justify;\"><img loading=\"lazy\" class=\"size-large wp-image-121 aligncenter\" src=\"http:\/\/www.universante-urepsss.fr\/wp-content\/uploads\/2018\/01\/etudacteur2.jpg\" alt=\"\" width=\"486\" height=\"764\" srcset=\"https:\/\/www.universante-urepsss.fr\/wp-content\/uploads\/2018\/01\/etudacteur2.jpg 486w, https:\/\/www.universante-urepsss.fr\/wp-content\/uploads\/2018\/01\/etudacteur2-191x300.jpg 191w\" sizes=\"(max-width: 486px) 100vw, 486px\" \/><\/p>\n<p style=\"text-align: justify;\"><strong>Articles scientifiques<\/strong><\/p>\n<p style=\"text-align: justify;\">Habihirwe P., Porrovecchio A., Bramboiu I., Ciobanu E., Croituru C., Cazacu I., Peze T., Ladner J., Tavolacci M., \u201cDepression, anxiety and stress among college students in three European countries\u201d, European Journal of Public Health, Volume 28, Issue suppl_4, 1 November 2018.<\/p>\n<p style=\"text-align: justify;\">Tavolacci M.-P., Brumboiu I., Ciobanu E., Porrovecchio A., Pez\u00e9 T., Croituru C., Ladner J., \u00ab Eating disorders among healthcare students in three European countries \u00bb, Revue d\u2019Epid\u00e9miologie et de sant\u00e9 publique, Volume 66, Supplement 5, July 2018, p. S415<\/p>\n<p>Guzzo P.P., Porrovecchio A., \u201cGiochi nel piatto: fiducia e (inter)dipendenza nelle relazioni gastro-anomiche. Una \u00ab\u00a0meta-analisi\u00a0\u00bb su uno studio di caso in Francia\u201d, Salute e societ\u00e0, 3\/2018 : 40-56.<\/p>\n<p style=\"text-align: justify;\">Tavolacci M.P., Porrovecchio A., Kern L., Zunquin G., Romo L., Hurdiel R., Pez\u00e9 T., Ladner J., \u201cNeuroenhancement among university students: substance use, motivations and associated factors\u201d, European Journal of Public Health, Volume 26, Issue suppl 1, 1 November 2016, Impact Factor: 2.751.<\/p>\n<p style=\"text-align: justify;\">Porrovecchio A., Zakhem E., Warnault K., Masson P., Caby I., Kuehn C., Hurdiel R., Pez\u00e9 T., Zunquin G., Theunynck D., \u201cSocio-economic insecurity, anomy and rituals. Sports habits in higher education students of the Opal Coast littoral\u201d, EXEDRA \u2013 Revista Cientifica Escola Superior de Educa\u00e7ao de Coimbra, Special issue \u00ab Sports in Higher Education \u00bb, Septembre 2016, pp. 77-94.<\/p>\n<p style=\"text-align: justify;\">Ladner J., Porrovecchio A., Masson P., Zunquin G., Hurdiel R., Pez\u00e9 T., Theunynck D., Tavolacci M.P., \u201cActivit\u00e9 physique chez les \u00e9tudiants : pr\u00e9valence et profils de comportements \u00e0 risque associ\u00e9s, une \u00e9tude dans deux universit\u00e9s en France, 2014\u201d, Sant\u00e9 Publique, 2016\/HS (S1), pp. 65-73.<\/p>\n<p style=\"text-align: justify;\">Zakhem E., El Khoury G., Berro A.J., Zouhal H., El Khourya C., Theunynck D., Hurdiel R., Pez\u00e9 T., Zunquin G. Jacob C., El Hage R., \u201cLes d\u00e9terminants de sant\u00e9 corr\u00e9lables \u00e0 la densit\u00e9 min\u00e9rale osseuse appr\u00e9ci\u00e9e par ultrasonom\u00e9trie\u201d, Kin\u00e9sith\u00e9rapie, la Revue, Volume 16, Issue 173, May 2016, Pages 9-14.<\/p>\n<p style=\"text-align: justify;\">Zakhem E., El Hage R., Pez\u00e9 T., Hurdiel R., Zunquin G., Theunynck D., Facteurs associ\u00e9s \u00e0 la suspicion de troubles du comportement alimentaire chez des \u00e9tudiants de l\u2019Universit\u00e9 du Littoral C\u00f4te d\u2019Opale, Revue d&rsquo;\u00c9pid\u00e9miologie et de Sant\u00e9 Publique, Volume 63, Issue 4, August 2015, Pages 259-265.<\/p>\n<p style=\"text-align: justify;\">Porrovecchio A., Kuehn C., Pez\u00e9 T., Theunynck D, \u201cNuovi apocalittici? Il caso della dipendenza da media, una ricerca nel Nord della Francia\u201d [Nouveaux apocalyptiques? Les cas de l\u2019addition aux media, une \u00e9tude dans le Nord de la France], Comunicazionepuntodoc n.11, d\u00e9cembre 2014, pp. 271-288.<\/p>\n<p style=\"text-align: justify;\">Ladner J., Porrovecchio A., Tavolacci M.P., Caby I., Peze T., Theunynck D., D\u00e9chelotte P., \u201cAlcohol consumption and binge drinking among university students: findings from two large surveys in France, 2012-13\u201d, The European Journal of Public Health, Oct 2014, 24 (suppl. 2). Impact Factor: 2.459.<\/p>\n<p style=\"text-align: justify;\">Porrovecchio A., Masson P., Caby I., Kuehn C., Pez\u00e9 C., Theunynck D., \u201cThe university on your doorstep: A misplaced utopia? The Universit\u00e9 du Littoral C\u00f4te d\u2019Opale case\u201d, European Journal of Research on Social Studies, 1, Special Issue 1, 2014, pp. 1-7.<\/p>\n<p style=\"text-align: justify;\">Porrovecchio A., Caby I., Masson P., Kuehn C., Hurdiel R., Pez\u00e9 C., Theunynck D., \u201cYouth, Sports and Alcohol Consumption: Studying and Comparing Alcohol Rituals in the Littoral Opal Coast\u201d, European Journal of Research on Education, 2(2), 2014, pp. 276-284.<\/p>\n<p style=\"text-align: justify;\"><strong>Chapitres d\u2019ouvrage<\/strong><\/p>\n<p style=\"text-align: justify;\">Porrovecchio A., Masson P., Kuehn C., Caby Is., Hurdiel R., Pez\u00e9 T., Zunquin G., Activit\u00e9 physique et in\u00e9galit\u00e9s en sant\u00e9 sociale. Un regard sociologique, dans Porrovecchio A., Di Francesco G., Ladner J. (dir.), Etudiants : acteurs de leur sant\u00e9 ?. Regards interdisciplinaires, L\u2019Harmattan, Paris, \u00e0 paraitre en novembre\/d\u00e9cembre 2017<\/p>\n<p style=\"text-align: justify;\">Caby I., Porrovecchio A., L\u2019alcoolisation massive chez les \u00e9tudiants en C\u00f4te d\u2019Opale, dans Porrovecchio A., Di Francesco G., Ladner J. (dir.), Etudiants : acteurs de leur sant\u00e9 ?. Regards interdisciplinaires, L\u2019Harmattan, Paris, \u00e0 paraitre en novembre\/d\u00e9cembre 2017.<\/p>\n<p style=\"text-align: justify;\">Kuehn C., Sant\u00e9 des \u00e9tudiants et usage des \u00e9crans. une approche critique, dans Porrovecchio A., Di Francesco G., Ladner J. (dir.), Etudiants : acteurs de leur sant\u00e9 ?. Regards interdisciplinaires, L\u2019Harmattan, Paris, \u00e0 paraitre en novembre\/d\u00e9cembre 2017.<\/p>\n<p style=\"text-align: justify;\">Masson P., Houvet A., Lenne C., Education par les pairs : \u00e9l\u00e9ments d\u2019un projet de recherche, dans Porrovecchio A., Di Francesco G., Ladner J. (dir.), Etudiants : acteurs de leur sant\u00e9 ?. Regards interdisciplinaires, L\u2019Harmattan, Paris, \u00e0 paraitre en novembre\/d\u00e9cembre 2017.<\/p>\n<p style=\"text-align: justify;\">Porrovecchio A., Masson P., Pez\u00e9 T., Kuehn C., Hurdiel R., Zunquin G., Theunynck D., \u00ab Epidemiologia sociale e etnografia virtuale come strumenti di ricerca sulla salute sessuale. Un\u2019esperienza di ricerca nel Nord della Francia \u00bb [Epid\u00e9miologie sociale et ethnographie virtuelle en tant que instruments de recherche sur la sant\u00e9 sexuelle. Une exp\u00e9rience de recherche dans le Nord de la France], dans Biancheri R., Ruspini E., Interpretare il genere. Nuove tecnologie e dinamiche di salute, Pisa University Press, Pisa, 2015.<\/p>\n<p style=\"text-align: justify;\"><strong>Principales Communications scientifiques lors de conf\u00e9rences nationales et internationales<\/strong><\/p>\n<p style=\"text-align: justify;\">Ladner J., Habihirwe P., Porrovecchio A., Bramboiu I., Ciobanu E., Croitoru C., Cazacu I., Peze T., Tavolacci M.P., \u201cDepression, anxiety and stress in university students in three European countries\u201d, 6th ESSUS Conference, \u201c\u201cHealth (risk) behavior of university students in times of performance pressure. Towards practical solutions\u201d, Amsterdam, 21-22 June 2018.<\/p>\n<p style=\"text-align: justify;\">Porrovecchio A., \u201cBenessere Donna: quali tutele per la salute dell\u2019adolescente\u201d, 9\u00b0 Congresso Nazionale S.I.C. \u2013 Societ\u00e0 Italiana Contraccezione, Florence, 26-28 Octobre 2017.<\/p>\n<p style=\"text-align: justify;\">Porrovecchio A., \u201cMangiare, correre, stare bene. Strategie di resistenza responsabile nel Nord della Francia\u201d, conf\u00e9rence internationale \u201cLa Ragion Gastronomica\u201d, Sant\u2019Omero, 15 Juillet 2017.<\/p>\n<p style=\"text-align: justify;\">Tavolacci MP, Porrovecchio A, Kern L, Zunquin G, Romo L, Hurdiel R, Pez\u00e9 T, Ladner J, Quelles sont les pratiques d\u2019am\u00e9lioration des performances acad\u00e9miques chez les \u00e9tudiants ?, Colloque Universant\u00e9 \u00ab La sant\u00e9 des \u00e9tudiants en question \u00bb &#8211; Journ\u00e9e Denis Theunynck, 1 juin 2017, Dunkerque.<\/p>\n<p style=\"text-align: justify;\">Kuehn C.J., Hurdiel R., Pez\u00e9 T., Porovecchio A., Kuehn C., La sant\u00e9 psychologique d&rsquo;\u00e9tudiants en I.F.S.I. : le paradoxe du cordonnier ?, Colloque Universant\u00e9 \u00ab La sant\u00e9 des \u00e9tudiants en question \u00bb &#8211; Journ\u00e9e Denis Theunynck, 1 juin 2017, Dunkerque.<\/p>\n<p style=\"text-align: justify;\">Cuvilliez O., \u00c9tudiants Infirmiers et Tabagisme : une histoire de pause, Colloque Universant\u00e9 \u00ab La sant\u00e9 des \u00e9tudiants en question \u00bb &#8211; Journ\u00e9e Denis Theunynck, 1 juin 2017, Dunkerque.<\/p>\n<p style=\"text-align: justify;\">Himpens C., \u2013 L\u2019activit\u00e9 physique et la sant\u00e9 des \u00e9tudiants en soins infirmiers dans une formation en alternance, Colloque Universant\u00e9 \u00ab La sant\u00e9 des \u00e9tudiants en question \u00bb &#8211; Journ\u00e9e Denis Theunynck, 1 juin 2017, Dunkerque.<\/p>\n<p style=\"text-align: justify;\">Moller M., \u2013 Impact de l\u2019emploi en parall\u00e8le des \u00e9tudes sur le sommeil des \u00e9tudiants en soins infirmiers, Colloque Universant\u00e9 \u00ab La sant\u00e9 des \u00e9tudiants en question \u00bb &#8211; Journ\u00e9e Denis Theunynck, 1 juin 2017, Dunkerque.<\/p>\n<p style=\"text-align: justify;\">Savini V., Porrovecchio A., Di Risio R., Hurdiel R., Antonelli G., Pez\u00e9 T., Pasotti S., Zunquin G., Di Francesco G., \u201cIndice di massa corporea, disordini alimentari e pratica sportiva. Una prospettiva sociologica comparativa tra studenti italiani e francesi\u201d, conf\u00e9rence internationale \u201cLa Ragion Gastronomica\u201d, Sant\u2019Omero, 16 Juillet 2016.<\/p>\n<p style=\"text-align: justify;\">Porrovecchio A., Masson P., Caby I., Kuehn C., Zunquin G., Hurdiel R., Pez\u00e9 T., Theunynck D., \u201cSports, Health and the Society. The \u2018Universant\u00e9\u2019 model: methodological and transdisciplinary approach\u201d, Sport in Sociology. Sociology about sport, Poznan, 21-22 avril 2016. Pl\u00e9niaire d\u2019ouverture.<\/p>\n<p style=\"text-align: justify;\">Porrovecchio A., Masson P., Kuehn C., Hurdiel R., Pez\u00e9 T., Zunquin G., \u201cMaximum Oxygen Consumption (VO2max), Health and the Society. A sociological approach starting from the interdisciplinary study \u2018Universant\u00e9\u2019\u201d, 5th ESSUS Conference European Symposium on Substance Use and other Health Behaviours in Students, 30 Juin &#8211; 1 Juillet 2016.<\/p>\n<p style=\"text-align: justify;\">Savini V., Porrovecchio A., Di Risio R., Hurdiel R., Antonelli G., Pez\u00e9 T., Pasotti S., Zunquin G., Di Francesco G., \u201cBody mass index, eating disorders and sports practice. A sociological comparative perspective among Italian and French students\u201d, 5th ESSUS Conference European Symposium on Substance Use and other Health Behaviours in Students, 30 Juin &#8211; 1 Juillet 2016.<\/p>\n<p style=\"text-align: justify;\">Porrovecchio A., Masson P., Caby I., Kuehn C., Hurdiel R., Pez\u00e9 T., Theunynck D., \u201cSport habits and the analysis of socio-economic insecurity, anomy and rituals among higher education students of the Opal Coast littoral\u201d, ACAPS2015 (Association des chercheurs en activit\u00e9s physiques et sportives), Nantes, 26-28 octobre 2015.<\/p>\n<p style=\"text-align: justify;\">Masson P., Porrovecchio A., Caby I., Pez\u00e9 T., Theunynck D., \u201cLa sant\u00e9 des \u00e9tudiants en soins infirmiers : relation entre la pratique physique et les d\u00e9terminants sociaux de la sant\u00e9.\u201d, ACAPS2015 (Association des chercheurs en activit\u00e9s physiques et sportives), Nantes, 26-28 octobre 2015.<\/p>\n<p style=\"text-align: justify;\">Masson P., Porrovecchio A., Caby I., Kuehn C., Pez\u00e9 T., Theunynck D., \u201cRisk, addictions and rituals. A sociological interpretation of the Opal Coast students\u2019 anomy\u201d, 12th Conference of the European Sociological Association \u201cDifferences, Inequalities and Sociological Imagination\u201d, Prague, 25-28 aout 2015.<\/p>\n<p style=\"text-align: justify;\">Porrovecchio A., \u201cSex addiction disorders? A sociological approach\u201d, 12th Conference of the European Sociological Association \u201cDifferences, Inequalities and Sociological Imagination\u201d, Prague, 25-28 aout 2015.<\/p>\n<p style=\"text-align: justify;\">Porrovecchio A., Masson P., Caby I., Kuehn C., Hurdiel R., Pez\u00e9 T., Theunynck D., \u201cLe malaise \u00e9tudiant: ins\u00e9curit\u00e9 \u00e9conomique, anomie, rituels\u201d. Symposium International \u201cLa sant\u00e9 des \u00e9tudiants en question\u201d, Universit\u00e9 du Littoral C\u00f4te d\u2019Opale, Dunkerque, 28 mai 2015.<\/p>\n<p style=\"text-align: justify;\">Caby I., Toulotte C., Blondel N., Porrovecchio A., Masson P., Hurdiel R., Pez\u00e9 T., Theunynck D., \u201cActivit\u00e9 Physique et sant\u00e9 des \u00e9tudiants\u201d. Symposium International \u201cLa sant\u00e9 des \u00e9tudiants en question\u201d, Universit\u00e9 du Littoral C\u00f4te d\u2019Opale, Dunkerque, 28 mai 2015.<\/p>\n<p style=\"text-align: justify;\">Hurdiel R., Pez\u00e9 T., Tavolacci M.P., Porrovecchio A., Blackburn P., Ladner J., Theunynck D., \u201cLe sommeil, un reflet du mal \u00eatre chez des \u00e9tudiants du Nord Pas de Calais\u201d. Symposium International \u201cLa sant\u00e9 des \u00e9tudiants en question\u201d, Universit\u00e9 du Littoral C\u00f4te d\u2019Opale, Dunkerque, 28 mai 2015.<\/p>\n<p style=\"text-align: justify;\">Kuehn C., Porrovecchio A., Pez\u00e9 T., Theunynck D., D\u00e9terminants de sant\u00e9 et usage d\u2019Internet chez les \u00e9tudiants, Symposium International \u201cLa sant\u00e9 des \u00e9tudiants en question\u201d, Universit\u00e9 du Littoral C\u00f4te d\u2019Opale, Dunkerque, 28 mai 2015.<\/p>\n<p style=\"text-align: justify;\">Masson P., Porovecchio A., Caby I., Pez\u00e9 T., Theunynck D., Relation entre la pratique physique et les d\u00e9terminants sociaux de la sant\u00e9. Le cas des \u00e9tudiants en soins infirmiers littoral Nord Pas de Calais, Symposium International \u201cLa sant\u00e9 des \u00e9tudiants en question\u201d, Universit\u00e9 du Littoral C\u00f4te d\u2019Opale, Dunkerque, 28 mai 2015.<\/p>\n<p style=\"text-align: justify;\">Caby I., Toulotte C., Blondel N., La sant\u00e9 des \u00e9tudiants, une s\u00e9dentarit\u00e9 inqui\u00e9tante, Symposium International \u201cLa sant\u00e9 des \u00e9tudiants en question\u201d, Universit\u00e9 du Littoral C\u00f4te d\u2019Opale, Dunkerque, 28 mai 2015.<\/p>\n<p style=\"text-align: justify;\">Ladner J., Porrovecchio A., Tavolacci M.P., Caby I., Peze T., Theunynck D., D\u00e9chelotte P., \u201cAlcohol consumption and binge drinking among university students: findings from survey in two universities in France, 2012-2013\u201d, \u201cEuropean Public Health Conference\u201d, Glasgow, 20-21 novembre 2014.<\/p>\n<p style=\"text-align: justify;\">Masson P., Porrovecchio A., Theunynck D., \u201cHealth Education: from Theory to practice\u201d, \u201cInternational Erasmus Week\u201d, University Tomas Bata, Zlin (Cz)., du 29\/03\/2014 au 04\/04\/2014.<\/p>\n<p style=\"text-align: justify;\">Caby I., Porrovecchio A., Blondel N., \u201cLes \u00e9tudiants et l\u2019alcool\u201d. Conf\u00e9rence Universant\u00e9 \u2013 CEMHAVI \u201cLa sant\u00e9 des \u00e9tudiants en questions\u201d, Dunkerque 10 avril 2014.<\/p>\n<p style=\"text-align: justify;\">Porrovecchio A., Caby I., \u201cYouth, Sports and Alcohol Consumption: Studying and Comparing Alcohol Rituals in the Littoral Opal Coast\u201d, \u201cIASSR (International Association of Social Science Research). III European Conference on Social and Behavioral Science\u201d, Universit\u00e9 Sapienza de Roma, 6-8 f\u00e9vrier 2014.<\/p>\n<p style=\"text-align: justify;\">Porrovecchio A., Masson P., \u201cThe \u00ab University next door \u00bb : a misplaced utopia ? The case of the University of the Littoral Opal Coast in the North of France\u201d, \u201cIASSR (International Association of Social Science Research). III European Conference on Social and Behavioral Science\u201d, Universit\u00e9 Sapienza de Roma, 6-8 f\u00e9vrier 2014.<\/p>\n<p style=\"text-align: justify;\">Porrovecchio A., Masson P., Kuehn C., Pez\u00e9 T., Zunquin G., Theunynck D., \u201cEtnografia virtuale, salute e identit\u00e0 sessuale: un\u2019esperienza di ricerca nel Nord della Francia\u201d [Ethnographie virtuelle, sant\u00e9 et identit\u00e9 sexuelle : une experience de recherche dans le Nord de la France], AIS2013 (Associazione Italiana di Sociologia), Universit\u00e9 de Florence, 10-12 octobre 2013.<\/p>\n<p style=\"text-align: justify;\"><strong>Autres<\/strong><\/p>\n<p style=\"text-align: justify;\">Lombard R., Impact du temps d&rsquo;\u00e9clairement d\u00fb \u00e0 l&rsquo;usage des \u00e9crans sur la dur\u00e9e et la qualit\u00e9 du sommeil de jeunes adultes, Dissertation Doctorale, 2013.<\/p>\n","protected":false},"excerpt":{"rendered":"<p>Universant\u00e9 est aussi un programme de recherche portant sur la sant\u00e9 des \u00e9tudiants. Vous trouverez ci-dessous une liste des publications scientifiques qui lui sont li\u00e9es. Ouvrages Porrovecchio A., Di Francesco G., Ladner J. (dir.), Etudiants : acteurs de leur sant\u00e9 ? Regards interdisciplinaires, L\u2019Harmattan, Paris, ISBN : 978-2-343-13384-3, janvier 2018, 208 pages. Articles scientifiques Habihirwe [&hellip;]<\/p>\n","protected":false},"author":1,"featured_media":0,"parent":0,"menu_order":0,"comment_status":"closed","ping_status":"closed","template":"","meta":[],"_links":{"self":[{"href":"https:\/\/www.universante-urepsss.fr\/index.php\/wp-json\/wp\/v2\/pages\/107"}],"collection":[{"href":"https:\/\/www.universante-urepsss.fr\/index.php\/wp-json\/wp\/v2\/pages"}],"about":[{"href":"https:\/\/www.universante-urepsss.fr\/index.php\/wp-json\/wp\/v2\/types\/page"}],"author":[{"embeddable":true,"href":"https:\/\/www.universante-urepsss.fr\/index.php\/wp-json\/wp\/v2\/users\/1"}],"replies":[{"embeddable":true,"href":"https:\/\/www.universante-urepsss.fr\/index.php\/wp-json\/wp\/v2\/comments?post=107"}],"version-history":[{"count":5,"href":"https:\/\/www.universante-urepsss.fr\/index.php\/wp-json\/wp\/v2\/pages\/107\/revisions"}],"predecessor-version":[{"id":224,"href":"https:\/\/www.universante-urepsss.fr\/index.php\/wp-json\/wp\/v2\/pages\/107\/revisions\/224"}],"wp:attachment":[{"href":"https:\/\/www.universante-urepsss.fr\/index.php\/wp-json\/wp\/v2\/media?parent=107"}],"curies":[{"name":"wp","href":"https:\/\/api.w.org\/{rel}","templated":true}]}}